{"id":1259,"date":"2025-08-30T16:58:11","date_gmt":"2025-08-30T16:58:11","guid":{"rendered":"https:\/\/distillerystudios.net\/?page_id=1259"},"modified":"2025-10-28T14:01:52","modified_gmt":"2025-10-28T14:01:52","slug":"founder","status":"publish","type":"page","link":"https:\/\/distillerystudios.net\/?page_id=1259","title":{"rendered":"Founder"},"content":{"rendered":"\t\t<div data-elementor-type=\"wp-page\" data-elementor-id=\"1259\" class=\"elementor elementor-1259\">\n\t\t\t\t<div class=\"elementor-element elementor-element-b3d61c3 e-flex e-con-boxed wpr-particle-no wpr-jarallax-no wpr-parallax-no wpr-sticky-section-no e-con e-parent\" data-id=\"b3d61c3\" data-element_type=\"container\" data-e-type=\"container\" data-settings=\"{&quot;background_background&quot;:&quot;classic&quot;}\">\n\t\t\t\t\t<div class=\"e-con-inner\">\n\t\t\t\t<div class=\"elementor-element elementor-element-7c5b9b0 elementor-widget elementor-widget-spacer\" data-id=\"7c5b9b0\" data-element_type=\"widget\" data-e-type=\"widget\" data-widget_type=\"spacer.default\">\n\t\t\t\t<div class=\"elementor-widget-container\">\n\t\t\t\t\t\t\t<div class=\"elementor-spacer\">\n\t\t\t<div class=\"elementor-spacer-inner\"><\/div>\n\t\t<\/div>\n\t\t\t\t\t\t<\/div>\n\t\t\t\t<\/div>\n\t\t\t\t\t<\/div>\n\t\t\t\t<\/div>\n\t\t<div class=\"elementor-element elementor-element-2b01623 e-flex e-con-boxed wpr-particle-no wpr-jarallax-no wpr-parallax-no wpr-sticky-section-no e-con e-parent\" data-id=\"2b01623\" data-element_type=\"container\" data-e-type=\"container\" data-settings=\"{&quot;background_background&quot;:&quot;classic&quot;}\">\n\t\t\t\t\t<div class=\"e-con-inner\">\n\t\t<div class=\"elementor-element elementor-element-0c228de e-con-full e-flex wpr-particle-no wpr-jarallax-no wpr-parallax-no wpr-sticky-section-no e-con e-child\" data-id=\"0c228de\" data-element_type=\"container\" data-e-type=\"container\">\n\t\t<div class=\"elementor-element elementor-element-a4fa7d1 e-con-full e-flex wpr-particle-no wpr-jarallax-no wpr-parallax-no wpr-sticky-section-no e-con e-child\" data-id=\"a4fa7d1\" data-element_type=\"container\" data-e-type=\"container\">\n\t\t\t\t<div class=\"elementor-element elementor-element-74ee9a1 elementor-widget elementor-widget-heading\" data-id=\"74ee9a1\" data-element_type=\"widget\" data-e-type=\"widget\" data-widget_type=\"heading.default\">\n\t\t\t\t<div class=\"elementor-widget-container\">\n\t\t\t\t\t<h2 class=\"elementor-heading-title elementor-size-default\">Oliver, The Founder Of Distillery Studios<\/h2>\t\t\t\t<\/div>\n\t\t\t\t<\/div>\n\t\t\t\t<div class=\"elementor-element elementor-element-adbb0a7 elementor-widget elementor-widget-text-editor\" data-id=\"adbb0a7\" data-element_type=\"widget\" data-e-type=\"widget\" data-widget_type=\"text-editor.default\">\n\t\t\t\t<div class=\"elementor-widget-container\">\n\t\t\t\t\t\t\t\t\t<p>Oliver Konstant\u00ednus Hilmarsson, born in 2000, Iceland, discovered his love for music and audio in 2013 when he started to play the drums and partake in setting up stages and PA systems for school events.<\/p><p>He didnt realize that he was naturally good with sound back then, since he has quite sensitive ears and alot of things were overstimulating, so he had a psycological barrier for the true qualities of sound.<\/p><p>The only times he really applied his hearing was when he was tuning his drum kit, but it took him years of obsession with tuning to realize that the root of his obsession was not with the drums nor his tuning abilities, but with his untrained, over sensitive hearing.<\/p><p>It wasnt untill he got into audio engineering school in 2022 that he realized that he had this crutch and whilst in school he learned to listen, to open his ears and to understand what he was hearing. All of sudden so many things made sense, the life long psycolocical barrier crumbled in just few weeks. And after gratuation, a hearing test came back wqell above the normal line and he started his lifelong career as a audio engineer.<\/p><p>With a degree in music theory, close to two decades behind the drums, great understanding of sound physics, psycacoustic and a powerfull set of ears&#8230;Distillery Studios came to be.<\/p>\t\t\t\t\t\t\t\t<\/div>\n\t\t\t\t<\/div>\n\t\t\t\t<\/div>\n\t\t\t\t<\/div>\n\t\t<div class=\"elementor-element elementor-element-63470f6 e-con-full e-flex wpr-particle-no wpr-jarallax-no wpr-parallax-no wpr-sticky-section-no e-con e-child\" data-id=\"63470f6\" data-element_type=\"container\" data-e-type=\"container\">\n\t\t\t\t<div class=\"elementor-element elementor-element-984159a elementor-widget elementor-widget-image\" data-id=\"984159a\" data-element_type=\"widget\" data-e-type=\"widget\" data-widget_type=\"image.default\">\n\t\t\t\t<div class=\"elementor-widget-container\">\n\t\t\t\t\t\t\t\t\t\t\t\t\t\t\t<img fetchpriority=\"high\" decoding=\"async\" width=\"2560\" height=\"1441\" src=\"https:\/\/distillerystudios.net\/wp-content\/uploads\/2025\/09\/Full-Portrait-scaled.jpg\" class=\"attachment-full size-full wp-image-2131\" alt=\"\" srcset=\"https:\/\/distillerystudios.net\/wp-content\/uploads\/2025\/09\/Full-Portrait-scaled.jpg 2560w, https:\/\/distillerystudios.net\/wp-content\/uploads\/2025\/09\/Full-Portrait-300x169.jpg 300w, https:\/\/distillerystudios.net\/wp-content\/uploads\/2025\/09\/Full-Portrait-1024x577.jpg 1024w, https:\/\/distillerystudios.net\/wp-content\/uploads\/2025\/09\/Full-Portrait-768x432.jpg 768w, https:\/\/distillerystudios.net\/wp-content\/uploads\/2025\/09\/Full-Portrait-1536x865.jpg 1536w, https:\/\/distillerystudios.net\/wp-content\/uploads\/2025\/09\/Full-Portrait-2048x1153.jpg 2048w\" sizes=\"(max-width: 2560px) 100vw, 2560px\" \/>\t\t\t\t\t\t\t\t\t\t\t\t\t\t\t<\/div>\n\t\t\t\t<\/div>\n\t\t\t\t<div class=\"elementor-element elementor-element-9ccb032 elementor-widget elementor-widget-image\" data-id=\"9ccb032\" data-element_type=\"widget\" data-e-type=\"widget\" data-widget_type=\"image.default\">\n\t\t\t\t<div class=\"elementor-widget-container\">\n\t\t\t\t\t\t\t\t\t\t\t\t\t\t\t<img decoding=\"async\" src=\"https:\/\/distillerystudios.net\/wp-content\/uploads\/elementor\/thumbs\/Utskrift-Taekniskolanns-Des-2022-scaled-e1757957953705-rbsxljll7gnzyfq7yb454r8k55hwlzbw3owb7ml2su.jpg\" title=\"\u00datskrift T\u00e6knisk\u00f3lanns des 2022\" alt=\"\u00datskrift T\u00e6knisk\u00f3lanns des 2022\" loading=\"lazy\" \/>\t\t\t\t\t\t\t\t\t\t\t\t\t\t\t<\/div>\n\t\t\t\t<\/div>\n\t\t\t\t<\/div>\n\t\t\t\t\t<\/div>\n\t\t\t\t<\/div>\n\t\t<div class=\"elementor-element elementor-element-2b5beb1 e-flex e-con-boxed wpr-particle-no wpr-jarallax-no wpr-parallax-no wpr-sticky-section-no e-con e-parent\" data-id=\"2b5beb1\" data-element_type=\"container\" data-e-type=\"container\" data-settings=\"{&quot;background_background&quot;:&quot;classic&quot;}\">\n\t\t\t\t\t<div class=\"e-con-inner\">\n\t\t\t\t<div class=\"elementor-element elementor-element-3a866f2 elementor-widget elementor-widget-spacer\" data-id=\"3a866f2\" data-element_type=\"widget\" data-e-type=\"widget\" data-widget_type=\"spacer.default\">\n\t\t\t\t<div class=\"elementor-widget-container\">\n\t\t\t\t\t\t\t<div class=\"elementor-spacer\">\n\t\t\t<div class=\"elementor-spacer-inner\"><\/div>\n\t\t<\/div>\n\t\t\t\t\t\t<\/div>\n\t\t\t\t<\/div>\n\t\t\t\t\t<\/div>\n\t\t\t\t<\/div>\n\t\t\t\t<\/div>\n\t\t","protected":false},"excerpt":{"rendered":"<p>Oliver, The Founder Of Distillery Studios Oliver Konstant\u00ednus Hilmarsson, born in 2000, Iceland, discovered his love for music and audio in 2013 when he started to play the drums and partake in setting up stages and PA systems for school events. He didnt realize that he was naturally good with sound back then, since he<\/p>\n","protected":false},"author":2,"featured_media":0,"parent":0,"menu_order":0,"comment_status":"closed","ping_status":"closed","template":"elementor_header_footer","meta":{"_monsterinsights_skip_tracking":false,"_monsterinsights_sitenote_active":false,"_monsterinsights_sitenote_note":"","_monsterinsights_sitenote_category":0,"solace_meta_sidebar":"","solace_meta_container":"","solace_meta_enable_content_width":"","solace_meta_content_width":0,"solace_meta_title_alignment":"","solace_meta_author_avatar":"","solace_post_elements_order":"","solace_meta_disable_header":"","solace_meta_disable_footer":"","solace_meta_disable_title":"","footnotes":""},"class_list":["post-1259","page","type-page","status-publish","hentry"],"aioseo_notices":[],"_links":{"self":[{"href":"https:\/\/distillerystudios.net\/index.php?rest_route=\/wp\/v2\/pages\/1259","targetHints":{"allow":["GET"]}}],"collection":[{"href":"https:\/\/distillerystudios.net\/index.php?rest_route=\/wp\/v2\/pages"}],"about":[{"href":"https:\/\/distillerystudios.net\/index.php?rest_route=\/wp\/v2\/types\/page"}],"author":[{"embeddable":true,"href":"https:\/\/distillerystudios.net\/index.php?rest_route=\/wp\/v2\/users\/2"}],"replies":[{"embeddable":true,"href":"https:\/\/distillerystudios.net\/index.php?rest_route=%2Fwp%2Fv2%2Fcomments&post=1259"}],"version-history":[{"count":49,"href":"https:\/\/distillerystudios.net\/index.php?rest_route=\/wp\/v2\/pages\/1259\/revisions"}],"predecessor-version":[{"id":2534,"href":"https:\/\/distillerystudios.net\/index.php?rest_route=\/wp\/v2\/pages\/1259\/revisions\/2534"}],"wp:attachment":[{"href":"https:\/\/distillerystudios.net\/index.php?rest_route=%2Fwp%2Fv2%2Fmedia&parent=1259"}],"curies":[{"name":"wp","href":"https:\/\/api.w.org\/{rel}","templated":true}]}}